{"id":27,"date":"2024-09-18T12:00:12","date_gmt":"2024-09-18T10:00:12","guid":{"rendered":"https:\/\/finamark.sn\/?page_id=27"},"modified":"2024-09-18T12:32:22","modified_gmt":"2024-09-18T10:32:22","slug":"notre-production-locale","status":"publish","type":"page","link":"https:\/\/finamark.sn\/?page_id=27","title":{"rendered":"Notre production locale"},"content":{"rendered":"\t\t<div data-elementor-type=\"wp-page\" data-elementor-id=\"27\" class=\"elementor elementor-27\">\n\t\t\t\t<div class=\"elementor-element elementor-element-e3a3952 e-flex e-con-boxed e-con e-parent\" data-id=\"e3a3952\" data-element_type=\"container\">\n\t\t\t\t\t<div class=\"e-con-inner\">\n\t\t\t\t<div class=\"elementor-element elementor-element-42e27e0 elementor-widget elementor-widget-text-editor\" data-id=\"42e27e0\" data-element_type=\"widget\" data-widget_type=\"text-editor.default\">\n\t\t\t\t<div class=\"elementor-widget-container\">\n\t\t\t<style>\/*! elementor - v3.23.0 - 05-08-2024 *\/\n.elementor-widget-text-editor.elementor-drop-cap-view-stacked .elementor-drop-cap{background-color:#69727d;color:#fff}.elementor-widget-text-editor.elementor-drop-cap-view-framed .elementor-drop-cap{color:#69727d;border:3px solid;background-color:transparent}.elementor-widget-text-editor:not(.elementor-drop-cap-view-default) .elementor-drop-cap{margin-top:8px}.elementor-widget-text-editor:not(.elementor-drop-cap-view-default) .elementor-drop-cap-letter{width:1em;height:1em}.elementor-widget-text-editor .elementor-drop-cap{float:left;text-align:center;line-height:1;font-size:50px}.elementor-widget-text-editor .elementor-drop-cap-letter{display:inline-block}<\/style>\t\t\t\t<p>Notre production locale comporte plusieurs types de produits allant de la cr\u00e8me glac\u00e9e jusqu&rsquo;au fromage r\u00e2p\u00e9 et tranch\u00e9.<\/p>\t\t\t\t\t\t<\/div>\n\t\t\t\t<\/div>\n\t\t\t\t<div class=\"elementor-element elementor-element-aa16289 elementor-widget elementor-widget-heading\" data-id=\"aa16289\" data-element_type=\"widget\" data-widget_type=\"heading.default\">\n\t\t\t\t<div class=\"elementor-widget-container\">\n\t\t\t<style>\/*! elementor - v3.23.0 - 05-08-2024 *\/\n.elementor-heading-title{padding:0;margin:0;line-height:1}.elementor-widget-heading .elementor-heading-title[class*=elementor-size-]>a{color:inherit;font-size:inherit;line-height:inherit}.elementor-widget-heading .elementor-heading-title.elementor-size-small{font-size:15px}.elementor-widget-heading .elementor-heading-title.elementor-size-medium{font-size:19px}.elementor-widget-heading .elementor-heading-title.elementor-size-large{font-size:29px}.elementor-widget-heading .elementor-heading-title.elementor-size-xl{font-size:39px}.elementor-widget-heading .elementor-heading-title.elementor-size-xxl{font-size:59px}<\/style><h2 class=\"elementor-heading-title elementor-size-default\">La cr\u00e8me glac\u00e9e<\/h2>\t\t<\/div>\n\t\t\t\t<\/div>\n\t\t\t\t\t<\/div>\n\t\t\t\t<\/div>\n\t\t<div class=\"elementor-element elementor-element-78062d5 e-grid e-con-boxed e-con e-parent\" data-id=\"78062d5\" data-element_type=\"container\">\n\t\t\t\t\t<div class=\"e-con-inner\">\n\t\t\t\t<div class=\"elementor-element elementor-element-fd0b6f1 elementor-widget elementor-widget-image\" data-id=\"fd0b6f1\" data-element_type=\"widget\" data-widget_type=\"image.default\">\n\t\t\t\t<div class=\"elementor-widget-container\">\n\t\t\t<style>\/*! elementor - v3.23.0 - 05-08-2024 *\/\n.elementor-widget-image{text-align:center}.elementor-widget-image a{display:inline-block}.elementor-widget-image a img[src$=\".svg\"]{width:48px}.elementor-widget-image img{vertical-align:middle;display:inline-block}<\/style>\t\t\t\t\t\t\t\t\t\t<img fetchpriority=\"high\" decoding=\"async\" width=\"700\" height=\"835\" src=\"https:\/\/finamark.sn\/wp-content\/uploads\/2024\/09\/IMG_20240918_083139.jpg\" class=\"attachment-medium_large size-medium_large wp-image-29\" alt=\"\" srcset=\"https:\/\/finamark.sn\/wp-content\/uploads\/2024\/09\/IMG_20240918_083139.jpg 700w, https:\/\/finamark.sn\/wp-content\/uploads\/2024\/09\/IMG_20240918_083139-251x300.jpg 251w\" sizes=\"(max-width: 700px) 100vw, 700px\" \/>\t\t\t\t\t\t\t\t\t\t\t\t\t<\/div>\n\t\t\t\t<\/div>\n\t\t\t\t<div class=\"elementor-element elementor-element-cc4bab7 elementor-widget elementor-widget-text-editor\" data-id=\"cc4bab7\" data-element_type=\"widget\" data-widget_type=\"text-editor.default\">\n\t\t\t\t<div class=\"elementor-widget-container\">\n\t\t\t\t\t\t\t<p>Nous produisons une cr\u00e8me glac\u00e9e de qualit\u00e9, accessible \u00e0 toute la population s\u00e9n\u00e9galaise.<\/p><p>Cette accessibilit\u00e9 se traduit par la grande diversit\u00e9 de format que l&rsquo;on distribue dans le march\u00e9 S\u00e9n\u00e9galais.<\/p><p>Notre glace la plus vendue est en format de stick de cr\u00e8me glac\u00e9 50g appel\u00e9 Star et est vendue 100 fcfa au consommateur.<\/p><p>Nous faisons aussi des formats plus grand tel que les pots de glaces 100g, 500g, 1kg et 5kg.<\/p><p>Ces formats sont distribu\u00e9s dans tout commerce pouvant conserver nos produits \u00e0 temp\u00e9rature n\u00e9gative pour \u00e9viter tout risque de fonte de la cr\u00e8me glac\u00e9e.<\/p>\t\t\t\t\t\t<\/div>\n\t\t\t\t<\/div>\n\t\t\t\t\t<\/div>\n\t\t\t\t<\/div>\n\t\t<div class=\"elementor-element elementor-element-bb630ba e-flex e-con-boxed e-con e-parent\" data-id=\"bb630ba\" data-element_type=\"container\">\n\t\t\t\t\t<div class=\"e-con-inner\">\n\t\t\t\t<div class=\"elementor-element elementor-element-d7344a2 elementor-widget elementor-widget-heading\" data-id=\"d7344a2\" data-element_type=\"widget\" data-widget_type=\"heading.default\">\n\t\t\t\t<div class=\"elementor-widget-container\">\n\t\t\t<h2 class=\"elementor-heading-title elementor-size-default\">Nos Yaourts<\/h2>\t\t<\/div>\n\t\t\t\t<\/div>\n\t\t\t\t\t<\/div>\n\t\t\t\t<\/div>\n\t\t<div class=\"elementor-element elementor-element-0661a5b e-grid e-con-boxed e-con e-parent\" data-id=\"0661a5b\" data-element_type=\"container\">\n\t\t\t\t\t<div class=\"e-con-inner\">\n\t\t\t\t<div class=\"elementor-element elementor-element-34291f3 elementor-widget elementor-widget-text-editor\" data-id=\"34291f3\" data-element_type=\"widget\" data-widget_type=\"text-editor.default\">\n\t\t\t\t<div class=\"elementor-widget-container\">\n\t\t\t\t\t\t\t<p>Les Yaourts Sim sont connus pour leur qualit\u00e9, la vari\u00e9t\u00e9 de parfums ainsi que pour leur petit prix.<\/p><p>Nous travaillons avec une technologie que la concurrence n&rsquo;a pas, qui nous permet de produire en quantit\u00e9 et en qualit\u00e9.<\/p><p>Notre derni\u00e8re nouveaut\u00e9 est la production de cr\u00e8me dessert chocolat et vanille.<\/p><p>Nous produisons aussi du lait caill\u00e9 en diff\u00e9rent formats 100mL, 500mL, 750mL et des seaux de 5L.<\/p>\t\t\t\t\t\t<\/div>\n\t\t\t\t<\/div>\n\t\t<div class=\"elementor-element elementor-element-67dd203 e-con-full e-flex e-con e-child\" data-id=\"67dd203\" data-element_type=\"container\">\n\t\t\t\t<div class=\"elementor-element elementor-element-0a75884 elementor-widget elementor-widget-image\" data-id=\"0a75884\" data-element_type=\"widget\" data-widget_type=\"image.default\">\n\t\t\t\t<div class=\"elementor-widget-container\">\n\t\t\t\t\t\t\t\t\t\t\t\t\t<img decoding=\"async\" width=\"768\" height=\"300\" src=\"https:\/\/finamark.sn\/wp-content\/uploads\/2024\/09\/1726653486396-scaled-e1726653636527-768x300.jpg\" class=\"attachment-medium_large size-medium_large wp-image-31\" alt=\"\" srcset=\"https:\/\/finamark.sn\/wp-content\/uploads\/2024\/09\/1726653486396-scaled-e1726653636527-768x300.jpg 768w, https:\/\/finamark.sn\/wp-content\/uploads\/2024\/09\/1726653486396-scaled-e1726653636527-300x117.jpg 300w, https:\/\/finamark.sn\/wp-content\/uploads\/2024\/09\/1726653486396-scaled-e1726653636527-1024x400.jpg 1024w, https:\/\/finamark.sn\/wp-content\/uploads\/2024\/09\/1726653486396-scaled-e1726653636527-1536x599.jpg 1536w, https:\/\/finamark.sn\/wp-content\/uploads\/2024\/09\/1726653486396-scaled-e1726653636527-2048x799.jpg 2048w\" sizes=\"(max-width: 768px) 100vw, 768px\" \/>\t\t\t\t\t\t\t\t\t\t\t\t\t<\/div>\n\t\t\t\t<\/div>\n\t\t\t\t<div class=\"elementor-element elementor-element-f5d1c7a elementor-widget elementor-widget-image\" data-id=\"f5d1c7a\" data-element_type=\"widget\" data-widget_type=\"image.default\">\n\t\t\t\t<div class=\"elementor-widget-container\">\n\t\t\t\t\t\t\t\t\t\t\t\t\t<img decoding=\"async\" width=\"768\" height=\"230\" src=\"https:\/\/finamark.sn\/wp-content\/uploads\/2024\/09\/1726653486402-e1726653698579-768x230.jpg\" class=\"attachment-medium_large size-medium_large wp-image-30\" alt=\"\" srcset=\"https:\/\/finamark.sn\/wp-content\/uploads\/2024\/09\/1726653486402-e1726653698579-768x230.jpg 768w, https:\/\/finamark.sn\/wp-content\/uploads\/2024\/09\/1726653486402-e1726653698579-300x90.jpg 300w, https:\/\/finamark.sn\/wp-content\/uploads\/2024\/09\/1726653486402-e1726653698579.jpg 864w\" sizes=\"(max-width: 768px) 100vw, 768px\" \/>\t\t\t\t\t\t\t\t\t\t\t\t\t<\/div>\n\t\t\t\t<\/div>\n\t\t\t\t<\/div>\n\t\t\t\t\t<\/div>\n\t\t\t\t<\/div>\n\t\t<div class=\"elementor-element elementor-element-a27a5ef e-flex e-con-boxed e-con e-parent\" data-id=\"a27a5ef\" data-element_type=\"container\">\n\t\t\t\t\t<div class=\"e-con-inner\">\n\t\t\t\t<div class=\"elementor-element elementor-element-0bdd854 elementor-widget elementor-widget-heading\" data-id=\"0bdd854\" data-element_type=\"widget\" data-widget_type=\"heading.default\">\n\t\t\t\t<div class=\"elementor-widget-container\">\n\t\t\t<h2 class=\"elementor-heading-title elementor-size-default\">Les Simtop<\/h2>\t\t<\/div>\n\t\t\t\t<\/div>\n\t\t\t\t<div class=\"elementor-element elementor-element-ae54348 elementor-widget elementor-widget-text-editor\" data-id=\"ae54348\" data-element_type=\"widget\" data-widget_type=\"text-editor.default\">\n\t\t\t\t<div class=\"elementor-widget-container\">\n\t\t\t\t\t\t\t<p>Les jus Simtop, sont des jus en t\u00e9tra brique inspir\u00e9 par un produit de nos partenaires d&rsquo;importation, les Suntop.<\/p><p>Notre production vise cependant un public diff\u00e9rent pour ne pas concurrencer notre partenaire.<\/p>\t\t\t\t\t\t<\/div>\n\t\t\t\t<\/div>\n\t\t\t\t\t<\/div>\n\t\t\t\t<\/div>\n\t\t<div class=\"elementor-element elementor-element-9ed1400 e-grid e-con-boxed e-con e-parent\" data-id=\"9ed1400\" data-element_type=\"container\">\n\t\t\t\t\t<div class=\"e-con-inner\">\n\t\t\t\t<div class=\"elementor-element elementor-element-0e3da35 elementor-widget elementor-widget-image\" data-id=\"0e3da35\" data-element_type=\"widget\" data-widget_type=\"image.default\">\n\t\t\t\t<div class=\"elementor-widget-container\">\n\t\t\t\t\t\t\t\t\t\t\t\t\t<img loading=\"lazy\" decoding=\"async\" width=\"272\" height=\"300\" src=\"https:\/\/finamark.sn\/wp-content\/uploads\/2024\/08\/125ml-Orange-2-e1726654942734-272x300.jpg\" class=\"attachment-medium size-medium wp-image-15\" alt=\"\" srcset=\"https:\/\/finamark.sn\/wp-content\/uploads\/2024\/08\/125ml-Orange-2-e1726654942734-272x300.jpg 272w, https:\/\/finamark.sn\/wp-content\/uploads\/2024\/08\/125ml-Orange-2-e1726654942734.jpg 751w\" sizes=\"(max-width: 272px) 100vw, 272px\" \/>\t\t\t\t\t\t\t\t\t\t\t\t\t<\/div>\n\t\t\t\t<\/div>\n\t\t\t\t<div class=\"elementor-element elementor-element-c05e77a elementor-widget elementor-widget-image\" data-id=\"c05e77a\" data-element_type=\"widget\" data-widget_type=\"image.default\">\n\t\t\t\t<div class=\"elementor-widget-container\">\n\t\t\t\t\t\t\t\t\t\t\t\t\t<img loading=\"lazy\" decoding=\"async\" width=\"217\" height=\"300\" src=\"https:\/\/finamark.sn\/wp-content\/uploads\/2024\/09\/suntop-e1726655063653-217x300.webp\" class=\"attachment-medium size-medium wp-image-36\" alt=\"\" srcset=\"https:\/\/finamark.sn\/wp-content\/uploads\/2024\/09\/suntop-e1726655063653-217x300.webp 217w, https:\/\/finamark.sn\/wp-content\/uploads\/2024\/09\/suntop-e1726655063653.webp 558w\" sizes=\"(max-width: 217px) 100vw, 217px\" \/>\t\t\t\t\t\t\t\t\t\t\t\t\t<\/div>\n\t\t\t\t<\/div>\n\t\t\t\t\t<\/div>\n\t\t\t\t<\/div>\n\t\t<div class=\"elementor-element elementor-element-3899a16 e-flex e-con-boxed e-con e-parent\" data-id=\"3899a16\" data-element_type=\"container\">\n\t\t\t\t\t<div class=\"e-con-inner\">\n\t\t\t\t<div class=\"elementor-element elementor-element-e044d90 elementor-widget elementor-widget-heading\" data-id=\"e044d90\" data-element_type=\"widget\" data-widget_type=\"heading.default\">\n\t\t\t\t<div class=\"elementor-widget-container\">\n\t\t\t<h2 class=\"elementor-heading-title elementor-size-default\">La game Ol\u00e9<\/h2>\t\t<\/div>\n\t\t\t\t<\/div>\n\t\t\t\t<div class=\"elementor-element elementor-element-a51ce49 elementor-widget elementor-widget-text-editor\" data-id=\"a51ce49\" data-element_type=\"widget\" data-widget_type=\"text-editor.default\">\n\t\t\t\t<div class=\"elementor-widget-container\">\n\t\t\t\t\t\t\t<p>Nous avons aussi une unit\u00e9 de production de fromage fondu et de d\u00e9coupe de fromage qui nous permet de diversifier notre production. <\/p><p>\u00a0<\/p>\t\t\t\t\t\t<\/div>\n\t\t\t\t<\/div>\n\t\t\t\t\t<\/div>\n\t\t\t\t<\/div>\n\t\t<div class=\"elementor-element elementor-element-c7f4e71 e-flex e-con-boxed e-con e-parent\" data-id=\"c7f4e71\" data-element_type=\"container\">\n\t\t\t\t\t<div class=\"e-con-inner\">\n\t\t\t\t<div class=\"elementor-element elementor-element-73edc36 elementor-widget elementor-widget-image\" data-id=\"73edc36\" data-element_type=\"widget\" data-widget_type=\"image.default\">\n\t\t\t\t<div class=\"elementor-widget-container\">\n\t\t\t\t\t\t\t\t\t\t\t\t\t<img loading=\"lazy\" decoding=\"async\" width=\"1024\" height=\"512\" src=\"https:\/\/finamark.sn\/wp-content\/uploads\/2024\/09\/305500333_588122822836867_3132514267542008474_n-1024x512.jpg\" class=\"attachment-large size-large wp-image-37\" alt=\"\" srcset=\"https:\/\/finamark.sn\/wp-content\/uploads\/2024\/09\/305500333_588122822836867_3132514267542008474_n-1024x512.jpg 1024w, https:\/\/finamark.sn\/wp-content\/uploads\/2024\/09\/305500333_588122822836867_3132514267542008474_n-300x150.jpg 300w, https:\/\/finamark.sn\/wp-content\/uploads\/2024\/09\/305500333_588122822836867_3132514267542008474_n-768x384.jpg 768w, https:\/\/finamark.sn\/wp-content\/uploads\/2024\/09\/305500333_588122822836867_3132514267542008474_n-1536x768.jpg 1536w, https:\/\/finamark.sn\/wp-content\/uploads\/2024\/09\/305500333_588122822836867_3132514267542008474_n-2048x1024.jpg 2048w\" sizes=\"(max-width: 1024px) 100vw, 1024px\" \/>\t\t\t\t\t\t\t\t\t\t\t\t\t<\/div>\n\t\t\t\t<\/div>\n\t\t\t\t\t<\/div>\n\t\t\t\t<\/div>\n\t\t\t\t<\/div>\n\t\t","protected":false},"excerpt":{"rendered":"<p>Notre production locale comporte plusieurs types de produits allant de la cr\u00e8me glac\u00e9e jusqu&rsquo;au fromage r\u00e2p\u00e9 et tranch\u00e9. La cr\u00e8me glac\u00e9e Nous produisons une cr\u00e8me glac\u00e9e de qualit\u00e9, accessible \u00e0 toute la population s\u00e9n\u00e9galaise. Cette accessibilit\u00e9 se traduit par la grande diversit\u00e9 de format que l&rsquo;on distribue dans le march\u00e9 S\u00e9n\u00e9galais. Notre glace la plus [&hellip;]<\/p>\n","protected":false},"author":1,"featured_media":0,"parent":0,"menu_order":0,"comment_status":"closed","ping_status":"closed","template":"","meta":{"_eb_attr":"","ocean_post_layout":"","ocean_both_sidebars_style":"","ocean_both_sidebars_content_width":0,"ocean_both_sidebars_sidebars_width":0,"ocean_sidebar":"","ocean_second_sidebar":"","ocean_disable_margins":"enable","ocean_add_body_class":"","ocean_shortcode_before_top_bar":"","ocean_shortcode_after_top_bar":"","ocean_shortcode_before_header":"","ocean_shortcode_after_header":"","ocean_has_shortcode":"","ocean_shortcode_after_title":"","ocean_shortcode_before_footer_widgets":"","ocean_shortcode_after_footer_widgets":"","ocean_shortcode_before_footer_bottom":"","ocean_shortcode_after_footer_bottom":"","ocean_display_top_bar":"default","ocean_display_header":"default","ocean_header_style":"","ocean_center_header_left_menu":"","ocean_custom_header_template":"","ocean_custom_logo":0,"ocean_custom_retina_logo":0,"ocean_custom_logo_max_width":0,"ocean_custom_logo_tablet_max_width":0,"ocean_custom_logo_mobile_max_width":0,"ocean_custom_logo_max_height":0,"ocean_custom_logo_tablet_max_height":0,"ocean_custom_logo_mobile_max_height":0,"ocean_header_custom_menu":"","ocean_menu_typo_font_family":"","ocean_menu_typo_font_subset":"","ocean_menu_typo_font_size":0,"ocean_menu_typo_font_size_tablet":0,"ocean_menu_typo_font_size_mobile":0,"ocean_menu_typo_font_size_unit":"px","ocean_menu_typo_font_weight":"","ocean_menu_typo_font_weight_tablet":"","ocean_menu_typo_font_weight_mobile":"","ocean_menu_typo_transform":"","ocean_menu_typo_transform_tablet":"","ocean_menu_typo_transform_mobile":"","ocean_menu_typo_line_height":0,"ocean_menu_typo_line_height_tablet":0,"ocean_menu_typo_line_height_mobile":0,"ocean_menu_typo_line_height_unit":"","ocean_menu_typo_spacing":0,"ocean_menu_typo_spacing_tablet":0,"ocean_menu_typo_spacing_mobile":0,"ocean_menu_typo_spacing_unit":"","ocean_menu_link_color":"","ocean_menu_link_color_hover":"","ocean_menu_link_color_active":"","ocean_menu_link_background":"","ocean_menu_link_hover_background":"","ocean_menu_link_active_background":"","ocean_menu_social_links_bg":"","ocean_menu_social_hover_links_bg":"","ocean_menu_social_links_color":"","ocean_menu_social_hover_links_color":"","ocean_disable_title":"default","ocean_disable_heading":"default","ocean_post_title":"","ocean_post_subheading":"","ocean_post_title_style":"","ocean_post_title_background_color":"","ocean_post_title_background":0,"ocean_post_title_bg_image_position":"","ocean_post_title_bg_image_attachment":"","ocean_post_title_bg_image_repeat":"","ocean_post_title_bg_image_size":"","ocean_post_title_height":0,"ocean_post_title_bg_overlay":0.5,"ocean_post_title_bg_overlay_color":"","ocean_disable_breadcrumbs":"default","ocean_breadcrumbs_color":"","ocean_breadcrumbs_separator_color":"","ocean_breadcrumbs_links_color":"","ocean_breadcrumbs_links_hover_color":"","ocean_display_footer_widgets":"default","ocean_display_footer_bottom":"default","ocean_custom_footer_template":"","footnotes":""},"class_list":["post-27","page","type-page","status-publish","hentry","entry"],"_links":{"self":[{"href":"https:\/\/finamark.sn\/index.php?rest_route=\/wp\/v2\/pages\/27","targetHints":{"allow":["GET"]}}],"collection":[{"href":"https:\/\/finamark.sn\/index.php?rest_route=\/wp\/v2\/pages"}],"about":[{"href":"https:\/\/finamark.sn\/index.php?rest_route=\/wp\/v2\/types\/page"}],"author":[{"embeddable":true,"href":"https:\/\/finamark.sn\/index.php?rest_route=\/wp\/v2\/users\/1"}],"replies":[{"embeddable":true,"href":"https:\/\/finamark.sn\/index.php?rest_route=%2Fwp%2Fv2%2Fcomments&post=27"}],"version-history":[{"count":7,"href":"https:\/\/finamark.sn\/index.php?rest_route=\/wp\/v2\/pages\/27\/revisions"}],"predecessor-version":[{"id":40,"href":"https:\/\/finamark.sn\/index.php?rest_route=\/wp\/v2\/pages\/27\/revisions\/40"}],"wp:attachment":[{"href":"https:\/\/finamark.sn\/index.php?rest_route=%2Fwp%2Fv2%2Fmedia&parent=27"}],"curies":[{"name":"wp","href":"https:\/\/api.w.org\/{rel}","templated":true}]}}